{"id":693,"date":"2023-01-23T22:31:10","date_gmt":"2023-01-23T22:31:10","guid":{"rendered":"https:\/\/new.goldjung.com\/?page_id=693"},"modified":"2026-03-03T09:43:32","modified_gmt":"2026-03-03T08:43:32","slug":"datenschutz","status":"publish","type":"page","link":"https:\/\/goldjung.com\/en\/datenschutz\/","title":{"rendered":"Data protection"},"content":{"rendered":"<div class=\"wp-block-nectar-blocks-row alignfull nectar-block nectar-blocks-row nectar-blocks-row__wrapper parent-block-about\" id=\"about\"><div class=\"nectar-blocks-row__inner is-contained-content parent-block-about\">\n<div class=\"wp-block-nectar-blocks-column nectar-blocks-column nectar-block\" id=\"block-BQoL7uDtIz\"><div class=\"nectar-blocks-column__inner nectar-blocks-column__content-wrap parent-block-block-BQoL7uDtIz nectar-blocks-column__wrapper\">\n<div class=\"wp-block-nectar-blocks-row nectar-block nectar-blocks-row nectar-blocks-row__inner nectar-blocks-row__wrapper parent-block-block-1u4q3vhPJn\" id=\"block-1u4q3vhPJn\">\n<div class=\"wp-block-nectar-blocks-column nectar-blocks-column nectar-block\" id=\"block-H6V2kQtl4p\"><div class=\"nectar-blocks-column__inner nectar-blocks-column__content-wrap parent-block-block-H6V2kQtl4p nectar-blocks-column__wrapper\"><\/div><\/div>\n<\/div>\n\n\n\n<div class=\"wp-block-nectar-blocks-row nectar-block nectar-blocks-row nectar-blocks-row__inner nectar-blocks-row__wrapper parent-block-block-dgLGFh9z85\" id=\"block-dgLGFh9z85\">\n<div class=\"wp-block-nectar-blocks-column nectar-blocks-column nectar-block\" id=\"block-KlesKWEK1A\"><div class=\"nectar-blocks-column__inner nectar-blocks-column__content-wrap parent-block-block-KlesKWEK1A nectar-blocks-column__wrapper\">\n<h3 id=\"block-MvtQGfGcRI\" class=\"wp-block-nectar-blocks-text nectar-blocks-text nectar-font-h1\">Data protection<\/h3>\n<\/div><\/div>\n\n\n\n<div class=\"wp-block-nectar-blocks-column nectar-blocks-column nectar-block\" id=\"block-dhsOaRnWRP\"><div class=\"nectar-blocks-column__wrapper parent-block-block-dhsOaRnWRP\"><div class=\"nectar-blocks-column__inner nectar-blocks-column__content-wrap parent-block-block-dhsOaRnWRP\">\n<p id=\"block-1Htso0M8PR\" class=\"wp-block-nectar-blocks-text nectar-blocks-text nectar-font-body\">Goldjung nimmt den Schutz Ihrer pers\u00f6nlichen Daten sehr ernst. Wir behandeln Ihre personenbezogenen Daten vertraulich und entsprechend der gesetzlichen Datenschutzvorschriften sowie dieser Datenschutzerkl\u00e4rung.<\/p>\n\n\n\n<p id=\"block-z2bObw2grV\" class=\"wp-block-nectar-blocks-text nectar-blocks-text\">Die Nutzung unserer Webseite ist in der Regel ohne Angabe personenbezogener Daten m\u00f6glich. Soweit auf unseren Seiten personenbezogene Daten (beispielsweise Name, Anschrift oder E\u2011Mail-Adressen) erhoben werden, erfolgt dies, soweit m\u00f6glich, stets auf freiwilliger Basis. Diese Daten werden ohne Ihre ausdr\u00fcckliche Zustimmung nicht an Dritte weitergegeben.<\/p>\n\n\n\n<p id=\"block-GMNDwu9Ydz\" class=\"wp-block-nectar-blocks-text nectar-blocks-text\">Wir weisen darauf hin, dass die Daten\u00fcbertragung im Internet (z.B. bei der Kommunikation per E\u2011Mail) Sicherheitsl\u00fccken aufweisen kann. Ein l\u00fcckenloser Schutz der Daten vor dem Zugriff durch Dritte ist nicht m\u00f6glich.<\/p>\n\n\n\n<p id=\"block-x2LULzm7V3\" class=\"wp-block-nectar-blocks-text nectar-blocks-text\">Auf unseren Seiten sind Plugins des sozialen Netzwerks Facebook, Anbieter Facebook Inc., 1 Hacker Way, Menlo Park, California 94025, USA, integriert. Die Facebook-Plugins erkennen Sie an dem Facebook-Logo oder dem \u201eLike-Button\u201c (\u201eGef\u00e4llt mir\u201c) auf unserer Seite. Eine \u00dcbersicht \u00fcber die Facebook-Plugins finden Sie hier:\u00a0<br>developers.facebook.com\/docs\/plugins\/<br><br>Wenn Sie unsere Seiten besuchen, wird \u00fcber das Plugin eine direkte Verbindung zwischen Ihrem Browser und dem Facebook-Server hergestellt. Facebook erh\u00e4lt dadurch die Information, dass Sie mit Ihrer IP-Adresse unsere Seite besucht haben. Wenn Sie den Facebook \u201eLike-Button\u201c anklicken w\u00e4hrend Sie in Ihrem Facebook-Account eingeloggt sind, k\u00f6nnen Sie die Inhalte unserer Seiten auf Ihrem Facebook-Profil verlinken. Dadurch kann Facebook den Besuch unserer Seiten Ihrem Benutzerkonto zuordnen. Wir weisen darauf hin, dass wir als Anbieter der Seiten keine Kenntnis vom Inhalt der \u00fcbermittelten Daten sowie deren Nutzung durch Facebook erhalten. Weitere Informationen hierzu finden Sie in der Datenschutzerkl\u00e4rung von Facebook unter\u00a0de-de.facebook.com\/policy.php. Wenn Sie nicht w\u00fcnschen, dass Facebook den Besuch unserer Seiten Ihrem Facebook- Nutzerkonto zuordnen kann, loggen Sie sich bitte aus Ihrem Facebook-Benutzerkonto\u00a0aus.<\/p>\n\n\n\n<p id=\"block-qSIzr82120\" class=\"wp-block-nectar-blocks-text nectar-blocks-text\">Auf unseren Seiten sind Funktionen des Dienstes Instagram eingebunden. Diese Funktionen werden angeboten durch die Instagram Inc., 1601 Willow Road, Menlo Park, CA, 94025, USA integriert. Wenn Sie in Ihrem Instagram \u2013 Account eingeloggt sind k\u00f6nnen Sie durch Anklicken des Instagram \u2013 Buttons die Inhalte unserer Seiten mit Ihrem Instagram \u2013 Profil verlinken. Dadurch kann Instagram den Besuch unserer Seiten Ihrem Benutzerkonto zuordnen. Wir weisen darauf hin, dass wir als Anbieter der Seiten keine Kenntnis vom Inhalt der \u00fcbermittelten Daten sowie deren Nutzung durch Instagram erhalten.Weitere Informationen hierzu finden Sie in der Datenschutzerkl\u00e4rung von Instagram:\u00a0instagram.com\/about\/legal\/privacy\/.<\/p>\n\n\n\n<p id=\"block-RMVFfGS95j\" class=\"wp-block-nectar-blocks-text nectar-blocks-text\">Auskunft, L\u00f6schung, Sperrung<br>Sie haben jederzeit das Recht auf unentgeltliche Auskunft \u00fcber Ihre gespeicherten personenbezogenen Daten, deren Herkunft und Empf\u00e4nger und den Zweck der Datenverarbeitung sowie ein Recht auf Berichtigung, Sperrung oder L\u00f6schung dieser Daten. Hierzu sowie zu weiteren Fragen zum Thema personenbezogene Daten k\u00f6nnen Sie sich jederzeit unter der im Impressum angegebenen Adresse an uns wenden.<\/p>\n\n\n\n<p id=\"block-R63T4PPeBj\" class=\"wp-block-nectar-blocks-text nectar-blocks-text\">Server-Log-Files<br>Der Provider der Seiten erhebt und speichert automatisch Informationen in so genannten Server-Log Files, die Ihr Browser automatisch an uns \u00fcbermittelt. Dies\u00a0sind:<\/p>\n\n\n\n<p id=\"block-Rg6wi6oDWA\" class=\"wp-block-nectar-blocks-text nectar-blocks-text\">Browsertyp<br>Browserversion<br>verwendetes Betriebssystem<br>Referrer URL<br>Hostname des zugreifenden Rechners<br>Uhrzeit der Servieranfrage<\/p>\n\n\n\n<p id=\"block-bAx98fGPsy\" class=\"wp-block-nectar-blocks-text nectar-blocks-text\">Diese Daten sind nicht bestimmten Personen zuordenbar. Eine Zusammenf\u00fchrung dieser Daten mit anderen Datenquellen wird nicht vorgenommen. Wir behalten uns vor, diese Daten nachtr\u00e4glich zu pr\u00fcfen, wenn uns konkrete Anhaltspunkte f\u00fcr eine rechtswidrige Nutzung bekannt werden.<\/p>\n\n\n\n<p id=\"block-MmCfL2LjZf\" class=\"wp-block-nectar-blocks-text nectar-blocks-text\">Cookies<br>Die Internetseiten verwenden teilweise so genannte Cookies. Cookies richten auf Ihrem Rechner keinen Schaden an und enthalten keine Viren. Cookies dienen dazu, unser Angebot nutzerfreundlicher, effektiver und sicherer zu machen. Cookies sind kleine Textdateien, die auf Ihrem Rechner abgelegt werden und die Ihr Browser speichert.Die meisten der von uns verwendeten Cookies sind so genannte \u201eSession-Cookies\u201c. Sie werden nach Ende Ihres Besuchs automatisch gel\u00f6scht. Andere Cookies bleiben auf Ihrem Endger\u00e4t gespeichert, bis Sie diese l\u00f6schen. Diese Cookies erm\u00f6glichen es uns, Ihren Browser beim n\u00e4chsten Besuch wiederzukennen.Sie k\u00f6nnen Ihren Browser so einstellen, dass Sie \u00fcber das Setzen von Cookies informiert werden und Cookies nur im Einzelfall erlauben, die Annahme von Cookies f\u00fcr bestimmte F\u00e4lle oder generell ausschlie\u00dfen sowie das automatische L\u00f6schen der Cookies beim Schlie\u00dfen des Browser aktivieren. Bei der Deaktivierung von Cookies kann die Funktionalit\u00e4t dieser Website eingeschr\u00e4nkt sein.<\/p>\n\n\n\n<p id=\"block-6xOYR2mdHL\" class=\"wp-block-nectar-blocks-text nectar-blocks-text\">Google Analytics<br>Wir setzen Google Analytics nur mit aktivierter IP-Anonymisierung ein. Das bedeutet, die IP-Adresse der Nutzer wird von Google innerhalb von Mitgliedstaaten der Europ\u00e4ischen Union oder in anderen Vertragsstaaten des Abkommens \u00fcber den Europ\u00e4ischen Wirtschaftsraum gek\u00fcrzt. Nur in Ausnahmef\u00e4llen wird die volle IP-Adresse an einen Server von Google in den USA \u00fcbertragen und dort gek\u00fcrzt.\u00a0Die von dem Browser des Nutzers \u00fcbermittelte IP-Adresse wird nicht mit anderen Daten von Google zusammengef\u00fchrt.<\/p>\n\n\n\n<p id=\"block-dZcr5VvIHZ\" class=\"wp-block-nectar-blocks-text nectar-blocks-text\">Die Nutzer k\u00f6nnen die Speicherung der Cookies durch eine entsprechende Einstellung ihrer Browser-Software verhindern; die Nutzer k\u00f6nnen dar\u00fcber hinaus die Erfassung der durch das Cookie erzeugten und auf ihre Nutzung des Onlineangebotes bezogenen Daten an Google sowie die Verarbeitung dieser Daten durch Google verhindern, indem sie das unter dem folgenden Link verf\u00fcgbare Browser-Plugin herunterladen und installieren:\u00a0tools.google.com\/dlpage\/gaoptout?hl=de.<\/p>\n\n\n\n<p id=\"block-TBHTbbQhel\" class=\"wp-block-nectar-blocks-text nectar-blocks-text\">Dar\u00fcber hinaus k\u00f6nnen Sie die Erfassung durch Google Analytics verhindern, indem Sie auf folgenden Link klicken. Es wird ein Opt-Out-Cookie gesetzt, das die zuk\u00fcnftige Erfassung Ihrer Daten beim Besuch dieser Website verhindert:\u00a0Google Analytics deaktivieren<\/p>\n\n\n\n<p id=\"block-QLIfjEP6uI\" class=\"wp-block-nectar-blocks-text nectar-blocks-text nectar-font-body\">Weitere Informationen zur Datennutzung zu Werbezwecken durch Google, Einstellungs- und Widerspruchsm\u00f6glichkeiten erfahren Sie auf den Webseiten von Google:\u00a0google.com\/intl\/de\/policies\/privacy\/partners\/\u00a0(\u201eDatennutzung durch Google bei Ihrer Nutzung von Websites oder Apps unserer Partner\u201c),\u00a0google.com\/policies\/technologies\/ads(\u201eDatennutzung zu Werbezwecken\u201c),google.de\/settings\/ads\u00a0(\u201eInformationen verwalten, die Google verwendet, um Ihnen Werbung einzublenden\u201c) und\u00a0google.com\/ads\/preferences\/(\u201eBestimmen Sie, welche Werbung Google Ihnen\u00a0zeigt\u201c).<\/p>\n<\/div><\/div><\/div>\n<\/div>\n<\/div><\/div>\n<\/div><\/div>","protected":false},"excerpt":{"rendered":"","protected":false},"author":1,"featured_media":0,"parent":0,"menu_order":0,"comment_status":"closed","ping_status":"closed","template":"","meta":{"_seopress_robots_primary_cat":"","_seopress_titles_title":"","_seopress_titles_desc":"","_seopress_robots_index":"","_nectar_blocks_hide_post_title":false,"_nectar_blocks_transparent_header_effect":false,"_nectar_blocks_transparent_header_effect_color":"light","_nectar_blocks_header_animation":false,"_nectar_blocks_header_animation_delay":0,"_nectar_blocks_header_animation_effect":"fade","_nectar_blocks_page_css":"","_nectar_blocks_page_js":"","inline_featured_image":false,"footnotes":""},"class_list":["post-693","page","type-page","status-publish"],"jetpack_sharing_enabled":true,"_links":{"self":[{"href":"https:\/\/goldjung.com\/en\/wp-json\/wp\/v2\/pages\/693","targetHints":{"allow":["GET"]}}],"collection":[{"href":"https:\/\/goldjung.com\/en\/wp-json\/wp\/v2\/pages"}],"about":[{"href":"https:\/\/goldjung.com\/en\/wp-json\/wp\/v2\/types\/page"}],"author":[{"embeddable":true,"href":"https:\/\/goldjung.com\/en\/wp-json\/wp\/v2\/users\/1"}],"replies":[{"embeddable":true,"href":"https:\/\/goldjung.com\/en\/wp-json\/wp\/v2\/comments?post=693"}],"version-history":[{"count":10,"href":"https:\/\/goldjung.com\/en\/wp-json\/wp\/v2\/pages\/693\/revisions"}],"predecessor-version":[{"id":6730,"href":"https:\/\/goldjung.com\/en\/wp-json\/wp\/v2\/pages\/693\/revisions\/6730"}],"wp:attachment":[{"href":"https:\/\/goldjung.com\/en\/wp-json\/wp\/v2\/media?parent=693"}],"curies":[{"name":"wp","href":"https:\/\/api.w.org\/{rel}","templated":true}]}}