{"id":728,"date":"2023-02-06T23:06:46","date_gmt":"2023-02-06T23:06:46","guid":{"rendered":"https:\/\/new.goldjung.com\/?page_id=728"},"modified":"2026-03-03T09:44:10","modified_gmt":"2026-03-03T08:44:10","slug":"impressum","status":"publish","type":"page","link":"https:\/\/goldjung.com\/en\/impressum\/","title":{"rendered":"Imprint"},"content":{"rendered":"\n<div class=\"wp-block-nectar-blocks-row alignfull nectar-block nectar-blocks-row nectar-blocks-row__wrapper parent-block-about\" id=\"about\"><div class=\"nectar-blocks-row__inner is-contained-content parent-block-about\">\n<div class=\"wp-block-nectar-blocks-column nectar-blocks-column nectar-block\" id=\"block-BQoL7uDtIz\"><div class=\"nectar-blocks-column__inner nectar-blocks-column__content-wrap parent-block-block-BQoL7uDtIz nectar-blocks-column__wrapper\">\n<div class=\"wp-block-nectar-blocks-row nectar-block nectar-blocks-row nectar-blocks-row__inner nectar-blocks-row__wrapper parent-block-block-1u4q3vhPJn\" id=\"block-1u4q3vhPJn\">\n<div class=\"wp-block-nectar-blocks-column nectar-blocks-column nectar-block\" id=\"block-H6V2kQtl4p\"><div class=\"nectar-blocks-column__inner nectar-blocks-column__content-wrap parent-block-block-H6V2kQtl4p nectar-blocks-column__wrapper\"><\/div><\/div>\n<\/div>\n\n\n\n<div class=\"wp-block-nectar-blocks-row nectar-block nectar-blocks-row nectar-blocks-row__inner nectar-blocks-row__wrapper parent-block-block-dgLGFh9z85\" id=\"block-dgLGFh9z85\">\n<div class=\"wp-block-nectar-blocks-column nectar-blocks-column nectar-block\" id=\"block-KlesKWEK1A\"><div class=\"nectar-blocks-column__inner nectar-blocks-column__content-wrap parent-block-block-KlesKWEK1A nectar-blocks-column__wrapper\">\n<h3 id=\"block-MvtQGfGcRI\" class=\"wp-block-nectar-blocks-text nectar-blocks-text nectar-font-h1\">Impressum<\/h3>\n<\/div><\/div>\n\n\n\n<div class=\"wp-block-nectar-blocks-column nectar-blocks-column nectar-block\" id=\"block-dhsOaRnWRP\"><div class=\"nectar-blocks-column__wrapper parent-block-block-dhsOaRnWRP\"><div class=\"nectar-blocks-column__inner nectar-blocks-column__content-wrap parent-block-block-dhsOaRnWRP\">\n<p id=\"block-1Htso0M8PR\" class=\"wp-block-nectar-blocks-text nectar-blocks-text nectar-font-body\"><strong>GOLDJUNG<\/strong><br>Brand Design Studio<br><br>Daniel Geburek<br>Greifswalder Str. 224a<br>10405 Berlin<\/p>\n\n\n\n<p id=\"block-k5UA3fdN1E\" class=\"wp-block-nectar-blocks-text nectar-blocks-text\">+49 30 75944637<br>+49 151 15678321<br>hallo@goldjung.com<\/p>\n\n\n\n<p id=\"block-uh2qDrW0jz\" class=\"wp-block-nectar-blocks-text nectar-blocks-text\">Vertretungsberechtigte Person und verantwortlich f\u00fcr den Inhalt \u2028dieser Website nach \u00a7 5 TMG: Daniel Geburek<br><br>USt-IdNr. gem\u00e4\u00df \u00a727a Umsatzsteuergesetz: DE364218283<\/p>\n\n\n\n<p id=\"block-w63vtzwnEE\" class=\"wp-block-nectar-blocks-text nectar-blocks-text\">Es gelten unsere Allgemeinen Gesch\u00e4ftsbedingungen.\u00a0[<a href=\"https:\/\/goldjung.com\/agb\/\" data-type=\"page\" data-id=\"738\">AGB<\/a>]\u2028<\/p>\n\n\n\n<p id=\"block-VC6UM0p5gI\" class=\"wp-block-nectar-blocks-text nectar-blocks-text\">Copyright<br>Alle auf dieser Website enthaltenen Grafiken, Fotos und Texte unterliegen dem Copyright von Goldjung oder dem jeweiligen Rechteinhaber. Die Vervielf\u00e4ltigung, Bearbeitung, Verbreitung und jegliche Art der Verwertung bed\u00fcrfen der schriftlichen Zustimmung des Anbieters oder jeweiligen Rechteinhabers.<\/p>\n\n\n\n<p id=\"block-oVa0968ntE\" class=\"wp-block-nectar-blocks-text nectar-blocks-text nectar-font-body\">Haftung<br>Trotz sorgf\u00e4ltiger inhaltlicher Kontrolle \u00fcbernimmt Goldjung keine Haftung f\u00fcr die Inhalte externer Links. F\u00fcr dessen Inhalt sind ausschlie\u00dflich deren Betreiber verantwortlich.<\/p>\n<\/div><\/div><\/div>\n<\/div>\n<\/div><\/div>\n<\/div><\/div>\n","protected":false},"excerpt":{"rendered":"","protected":false},"author":1,"featured_media":0,"parent":0,"menu_order":0,"comment_status":"closed","ping_status":"closed","template":"","meta":{"_seopress_robots_primary_cat":"","_seopress_titles_title":"","_seopress_titles_desc":"","_seopress_robots_index":"","_nectar_blocks_hide_post_title":false,"_nectar_blocks_transparent_header_effect":false,"_nectar_blocks_transparent_header_effect_color":"light","_nectar_blocks_header_animation":false,"_nectar_blocks_header_animation_delay":0,"_nectar_blocks_header_animation_effect":"fade","_nectar_blocks_page_css":"","_nectar_blocks_page_js":"","inline_featured_image":false,"footnotes":""},"class_list":["post-728","page","type-page","status-publish"],"jetpack_sharing_enabled":true,"_links":{"self":[{"href":"https:\/\/goldjung.com\/en\/wp-json\/wp\/v2\/pages\/728","targetHints":{"allow":["GET"]}}],"collection":[{"href":"https:\/\/goldjung.com\/en\/wp-json\/wp\/v2\/pages"}],"about":[{"href":"https:\/\/goldjung.com\/en\/wp-json\/wp\/v2\/types\/page"}],"author":[{"embeddable":true,"href":"https:\/\/goldjung.com\/en\/wp-json\/wp\/v2\/users\/1"}],"replies":[{"embeddable":true,"href":"https:\/\/goldjung.com\/en\/wp-json\/wp\/v2\/comments?post=728"}],"version-history":[{"count":21,"href":"https:\/\/goldjung.com\/en\/wp-json\/wp\/v2\/pages\/728\/revisions"}],"predecessor-version":[{"id":6731,"href":"https:\/\/goldjung.com\/en\/wp-json\/wp\/v2\/pages\/728\/revisions\/6731"}],"wp:attachment":[{"href":"https:\/\/goldjung.com\/en\/wp-json\/wp\/v2\/media?parent=728"}],"curies":[{"name":"wp","href":"https:\/\/api.w.org\/{rel}","templated":true}]}}